{"id":124,"date":"2016-02-23T10:06:22","date_gmt":"2016-02-23T10:06:22","guid":{"rendered":"http:\/\/filologia.us.es\/?page_id=124"},"modified":"2016-10-15T04:33:35","modified_gmt":"2016-10-15T04:33:35","slug":"ya-estas-matriculado","status":"publish","type":"page","link":"https:\/\/filologia.us.es\/?page_id=124","title":{"rendered":"Si ya est\u00e1s matriculado&#8230;"},"content":{"rendered":"<p>&nbsp;<\/p>\n<h3>Preparad@s para comenzar<\/h3>\n<p>Si ya est\u00e1s matriculado\/a, tus necesidades de informaci\u00f3n pueden cambiar porque ahora deber\u00e1s concentrarte en aspectos puramente acad\u00e9micos:<\/p>\n<ul>\n<li>cu\u00e1l es tu grupo,<\/li>\n<li>qu\u00e9 horarios tienes,<\/li>\n<li>cu\u00e1l es tu calendario de ex\u00e1menes, de TFG (si eres estudiante de cuarto curso),<\/li>\n<li>c\u00f3mo debes realizar las pr\u00e1cticas, etc.<\/li>\n<\/ul>\n<p>Toda esta informaci\u00f3n podr\u00e1s encontrarla en los enlaces que se desplegar\u00e1n en el men\u00fa de la\u00a0izquierda, bajo el ep\u00edgrafe correspondiente.<\/p>\n","protected":false},"excerpt":{"rendered":"<p>&nbsp; Preparad@s para comenzar Si ya est\u00e1s matriculado\/a, tus necesidades de informaci\u00f3n pueden cambiar porque ahora deber\u00e1s concentrarte en aspectos puramente acad\u00e9micos: cu\u00e1l es tu grupo, qu\u00e9 horarios tienes, cu\u00e1l es tu calendario de ex\u00e1menes, de TFG (si eres estudiante de cuarto curso), c\u00f3mo debes realizar las pr\u00e1cticas, etc. Toda esta informaci\u00f3n podr\u00e1s encontrarla en &hellip; <a href=\"https:\/\/filologia.us.es\/?page_id=124\" class=\"more-link\">Continue reading <span class=\"screen-reader-text\">Si ya est\u00e1s matriculado&#8230;<\/span> <span class=\"meta-nav\">&raquo;<\/span><\/a><\/p>\n","protected":false},"author":1,"featured_media":1678,"parent":0,"menu_order":165,"comment_status":"closed","ping_status":"closed","template":"","meta":{"_acf_changed":false,"footnotes":""},"acf":[],"_links":{"self":[{"href":"https:\/\/filologia.us.es\/index.php?rest_route=\/wp\/v2\/pages\/124"}],"collection":[{"href":"https:\/\/filologia.us.es\/index.php?rest_route=\/wp\/v2\/pages"}],"about":[{"href":"https:\/\/filologia.us.es\/index.php?rest_route=\/wp\/v2\/types\/page"}],"author":[{"embeddable":true,"href":"https:\/\/filologia.us.es\/index.php?rest_route=\/wp\/v2\/users\/1"}],"replies":[{"embeddable":true,"href":"https:\/\/filologia.us.es\/index.php?rest_route=%2Fwp%2Fv2%2Fcomments&post=124"}],"version-history":[{"count":0,"href":"https:\/\/filologia.us.es\/index.php?rest_route=\/wp\/v2\/pages\/124\/revisions"}],"wp:featuredmedia":[{"embeddable":true,"href":"https:\/\/filologia.us.es\/index.php?rest_route=\/wp\/v2\/media\/1678"}],"wp:attachment":[{"href":"https:\/\/filologia.us.es\/index.php?rest_route=%2Fwp%2Fv2%2Fmedia&parent=124"}],"curies":[{"name":"wp","href":"https:\/\/api.w.org\/{rel}","templated":true}]}}