{"id":120,"date":"2016-02-23T10:05:53","date_gmt":"2016-02-23T10:05:53","guid":{"rendered":"http:\/\/filologia.us.es\/?page_id=120"},"modified":"2021-02-05T13:26:48","modified_gmt":"2021-02-05T12:26:48","slug":"doble-grado-filologia-clasica-e-hispanica","status":"publish","type":"page","link":"https:\/\/filologia.us.es\/?page_id=120","title":{"rendered":"Doble Grado en Filolog\u00eda Cl\u00e1sica e Hisp\u00e1nica"},"content":{"rendered":"<h3>Informaci\u00f3n espec\u00edfica<\/h3>\n<p>&nbsp;<\/p>\n","protected":false},"excerpt":{"rendered":"<p>Informaci\u00f3n espec\u00edfica &nbsp;<\/p>\n","protected":false},"author":1,"featured_media":1681,"parent":104,"menu_order":140,"comment_status":"closed","ping_status":"closed","template":"","meta":{"_acf_changed":false,"footnotes":""},"acf":[],"_links":{"self":[{"href":"https:\/\/filologia.us.es\/index.php?rest_route=\/wp\/v2\/pages\/120"}],"collection":[{"href":"https:\/\/filologia.us.es\/index.php?rest_route=\/wp\/v2\/pages"}],"about":[{"href":"https:\/\/filologia.us.es\/index.php?rest_route=\/wp\/v2\/types\/page"}],"author":[{"embeddable":true,"href":"https:\/\/filologia.us.es\/index.php?rest_route=\/wp\/v2\/users\/1"}],"replies":[{"embeddable":true,"href":"https:\/\/filologia.us.es\/index.php?rest_route=%2Fwp%2Fv2%2Fcomments&post=120"}],"version-history":[{"count":1,"href":"https:\/\/filologia.us.es\/index.php?rest_route=\/wp\/v2\/pages\/120\/revisions"}],"predecessor-version":[{"id":15228,"href":"https:\/\/filologia.us.es\/index.php?rest_route=\/wp\/v2\/pages\/120\/revisions\/15228"}],"up":[{"embeddable":true,"href":"https:\/\/filologia.us.es\/index.php?rest_route=\/wp\/v2\/pages\/104"}],"wp:featuredmedia":[{"embeddable":true,"href":"https:\/\/filologia.us.es\/index.php?rest_route=\/wp\/v2\/media\/1681"}],"wp:attachment":[{"href":"https:\/\/filologia.us.es\/index.php?rest_route=%2Fwp%2Fv2%2Fmedia&parent=120"}],"curies":[{"name":"wp","href":"https:\/\/api.w.org\/{rel}","templated":true}]}}