{"id":110,"date":"2016-02-23T10:04:13","date_gmt":"2016-02-23T10:04:13","guid":{"rendered":"http:\/\/filologia.us.es\/?page_id=110"},"modified":"2024-12-17T07:08:27","modified_gmt":"2024-12-17T06:08:27","slug":"grado-estudios-arabes-e-islamicos","status":"publish","type":"page","link":"https:\/\/filologia.us.es\/?page_id=110","title":{"rendered":"(No se oferta) Grado en Estudios \u00c1rabes e Isl\u00e1micos (Plan 2009)"},"content":{"rendered":"<h3>Informaci\u00f3n espec\u00edfica<\/h3>\n<p>&nbsp;<\/p>\n","protected":false},"excerpt":{"rendered":"<p>Informaci\u00f3n espec\u00edfica &nbsp;<\/p>\n","protected":false},"author":1,"featured_media":1681,"parent":104,"menu_order":145,"comment_status":"closed","ping_status":"closed","template":"","meta":{"_acf_changed":false,"footnotes":""},"acf":[],"_links":{"self":[{"href":"https:\/\/filologia.us.es\/index.php?rest_route=\/wp\/v2\/pages\/110"}],"collection":[{"href":"https:\/\/filologia.us.es\/index.php?rest_route=\/wp\/v2\/pages"}],"about":[{"href":"https:\/\/filologia.us.es\/index.php?rest_route=\/wp\/v2\/types\/page"}],"author":[{"embeddable":true,"href":"https:\/\/filologia.us.es\/index.php?rest_route=\/wp\/v2\/users\/1"}],"replies":[{"embeddable":true,"href":"https:\/\/filologia.us.es\/index.php?rest_route=%2Fwp%2Fv2%2Fcomments&post=110"}],"version-history":[{"count":2,"href":"https:\/\/filologia.us.es\/index.php?rest_route=\/wp\/v2\/pages\/110\/revisions"}],"predecessor-version":[{"id":21971,"href":"https:\/\/filologia.us.es\/index.php?rest_route=\/wp\/v2\/pages\/110\/revisions\/21971"}],"up":[{"embeddable":true,"href":"https:\/\/filologia.us.es\/index.php?rest_route=\/wp\/v2\/pages\/104"}],"wp:featuredmedia":[{"embeddable":true,"href":"https:\/\/filologia.us.es\/index.php?rest_route=\/wp\/v2\/media\/1681"}],"wp:attachment":[{"href":"https:\/\/filologia.us.es\/index.php?rest_route=%2Fwp%2Fv2%2Fmedia&parent=110"}],"curies":[{"name":"wp","href":"https:\/\/api.w.org\/{rel}","templated":true}]}}