{"id":100,"date":"2016-02-23T10:02:50","date_gmt":"2016-02-23T10:02:50","guid":{"rendered":"http:\/\/filologia.us.es\/?page_id=100"},"modified":"2026-04-15T06:56:07","modified_gmt":"2026-04-15T04:56:07","slug":"como-matricularse","status":"publish","type":"page","link":"https:\/\/filologia.us.es\/?page_id=100","title":{"rendered":"C\u00f3mo matricularse"},"content":{"rendered":"<h3><\/h3>\n<h3>Procedimiento de matr\u00edcula<\/h3>\n<p style=\"text-align: justify;\">Estas p\u00e1ginas reproducen parte de lo que se explica en detalle en el <a href=\"http:\/\/cat.us.es\">Centro de Atenci\u00f3n del Estudiante <\/a>(CAT). La informaci\u00f3n aqu\u00ed presentada ha sido revisada por nuestro personal de Secretar\u00eda: Automatr\u00edcula, movilidad internacional, incompatibilidades, ampliaci\u00f3n de matr\u00edcula, etc. y proviene de la p\u00e1gina de estudios\/acceso de la USE.<\/p>\n","protected":false},"excerpt":{"rendered":"<p>Procedimiento de matr\u00edcula Estas p\u00e1ginas reproducen parte de lo que se explica en detalle en el Centro de Atenci\u00f3n del Estudiante (CAT). La informaci\u00f3n aqu\u00ed presentada ha sido revisada por nuestro personal de Secretar\u00eda: Automatr\u00edcula, movilidad internacional, incompatibilidades, ampliaci\u00f3n de matr\u00edcula, etc. y proviene de la p\u00e1gina de estudios\/acceso de la USE.<\/p>\n","protected":false},"author":1,"featured_media":1677,"parent":0,"menu_order":97,"comment_status":"closed","ping_status":"closed","template":"","meta":{"_acf_changed":false,"footnotes":""},"acf":[],"_links":{"self":[{"href":"https:\/\/filologia.us.es\/index.php?rest_route=\/wp\/v2\/pages\/100"}],"collection":[{"href":"https:\/\/filologia.us.es\/index.php?rest_route=\/wp\/v2\/pages"}],"about":[{"href":"https:\/\/filologia.us.es\/index.php?rest_route=\/wp\/v2\/types\/page"}],"author":[{"embeddable":true,"href":"https:\/\/filologia.us.es\/index.php?rest_route=\/wp\/v2\/users\/1"}],"replies":[{"embeddable":true,"href":"https:\/\/filologia.us.es\/index.php?rest_route=%2Fwp%2Fv2%2Fcomments&post=100"}],"version-history":[{"count":2,"href":"https:\/\/filologia.us.es\/index.php?rest_route=\/wp\/v2\/pages\/100\/revisions"}],"predecessor-version":[{"id":23869,"href":"https:\/\/filologia.us.es\/index.php?rest_route=\/wp\/v2\/pages\/100\/revisions\/23869"}],"wp:featuredmedia":[{"embeddable":true,"href":"https:\/\/filologia.us.es\/index.php?rest_route=\/wp\/v2\/media\/1677"}],"wp:attachment":[{"href":"https:\/\/filologia.us.es\/index.php?rest_route=%2Fwp%2Fv2%2Fmedia&parent=100"}],"curies":[{"name":"wp","href":"https:\/\/api.w.org\/{rel}","templated":true}]}}